{"id":56,"date":"2025-08-14T10:54:05","date_gmt":"2025-08-14T10:54:05","guid":{"rendered":"https:\/\/new.alexasadier.com\/?page_id=56"},"modified":"2025-11-07T13:16:16","modified_gmt":"2025-11-07T13:16:16","slug":"pubs","status":"publish","type":"page","link":"https:\/\/alexasadier.com\/index.php\/pubs\/","title":{"rendered":"PUBS"},"content":{"rendered":"\n<h1 class=\"wp-block-heading has-text-align-center has-text-color has-link-color has-x-large-font-size wp-elements-2d23b51bb892cc4305b29b823565e166\" style=\"color:#f2d1b3;padding-top:var(--wp--preset--spacing--small);padding-bottom:var(--wp--preset--spacing--small)\">PUBLICATIONS AND CV<\/h1>\n\n\n\n<figure class=\"wp-block-image alignwide size-large is-style-default\" style=\"margin-top:var(--wp--preset--spacing--small);margin-bottom:var(--wp--preset--spacing--small)\"><img fetchpriority=\"high\" decoding=\"async\" width=\"1024\" height=\"269\" src=\"http:\/\/new.alexasadier.com\/wp-content\/uploads\/2025\/08\/20160205_234029-2048x537-1-1024x269.jpg\" alt=\"\" class=\"wp-image-214\" srcset=\"https:\/\/alexasadier.com\/wp-content\/uploads\/2025\/08\/20160205_234029-2048x537-1-1024x269.jpg 1024w, https:\/\/alexasadier.com\/wp-content\/uploads\/2025\/08\/20160205_234029-2048x537-1-300x79.jpg 300w, https:\/\/alexasadier.com\/wp-content\/uploads\/2025\/08\/20160205_234029-2048x537-1-2000x524.jpg 2000w, https:\/\/alexasadier.com\/wp-content\/uploads\/2025\/08\/20160205_234029-2048x537-1.jpg 2048w\" sizes=\"(max-width: 1024px) 100vw, 1024px\" \/><\/figure>\n\n\n\n<hr class=\"wp-block-separator has-alpha-channel-opacity\" style=\"margin-top:50px;margin-bottom:50px\"\/>\n\n\n\n<div class=\"wp-block-columns is-layout-flex wp-container-core-columns-is-layout-28f84493 wp-block-columns-is-layout-flex\">\n<div class=\"wp-block-column is-layout-flow wp-block-column-is-layout-flow\">\n<h2 class=\"wp-block-heading\">Contact<\/h2>\n\n\n\n<p><strong>Alexa Sadier<br><\/strong>CNRS faculty\/Charg\u00e9e de recherche CNRS<br>Institut des Sciences de l&#8217;Evolution<br>UNIVERSIT\u00c9 DE MONTPELLIER<br>Bureau 65 &#8211; RDC &#8211; Place Eug\u00e8ne Bataillon<br>34095 Montpellier Cedex 5<\/p>\n\n\n\n<p><strong>email:<\/strong>&nbsp;alexa.sadier at umontpellier.fr<\/p>\n<\/div>\n\n\n\n<div class=\"wp-block-column is-layout-flow wp-block-column-is-layout-flow\">\n<h2 class=\"wp-block-heading\">CV<\/h2>\n\n\n\n<p>See <a href=\"https:\/\/scholar.google.com\/citations?user=Cpq8pioAAAAJ&amp;hl=fr\" data-type=\"link\" data-id=\"https:\/\/scholar.google.com\/citations?user=Cpq8pioAAAAJ&amp;hl=fr\">here<\/a> my google scholar page<\/p>\n<\/div>\n\n\n\n<div class=\"wp-block-column is-layout-flow wp-block-column-is-layout-flow\">\n<h2 class=\"wp-block-heading\">Social media<\/h2>\n\n\n\n<p>BlueSky: <a href=\"https:\/\/bsky.app\/profile\/aigverte.bsky.social\" data-type=\"link\" data-id=\"https:\/\/bsky.app\/profile\/aigverte.bsky.social\">@aigverte.bsky.social <\/a><\/p>\n\n\n\n<p>Instagram: <a href=\"https:\/\/www.instagram.com\/explorabats\/\">@explorabats<\/a><\/p>\n\n\n\n<p>Linkedin: <a href=\"https:\/\/www.linkedin.com\/in\/alexa-sadier-38203527\/\">Alexa Sadier<\/a><\/p>\n<\/div>\n<\/div>\n\n\n\n<hr class=\"wp-block-separator has-alpha-channel-opacity\" style=\"margin-top:var(--wp--preset--spacing--small);margin-bottom:var(--wp--preset--spacing--small)\"\/>\n\n\n\n<h1 class=\"wp-block-heading has-text-color has-link-color wp-elements-7f7f978a6d1bfb45d7bcf744491fc7c6\" style=\"color:#f2d1b3\">PUBLICATIONS<\/h1>\n\n\n\n<p>*: equal contributions<\/p>\n\n\n\n<h3 class=\"wp-block-heading has-secondary-color has-text-color has-link-color wp-elements-7375eb08fbcda357103cd3bd83259ee4\">Preprint\/in prep<\/h3>\n\n\n\n<p>Herrera M., Moison B.,<strong> <\/strong>Grossnickle, D. M.<strong>, <\/strong>Santana, S.<strong>, <\/strong>Sears K., and<strong> Sadier, A.<\/strong> Adaptive Developmental Trajectories Shape the Evolution of Molars, <em>in prep<\/em><\/p>\n\n\n\n<p>Patterson, E., Grossnickle, D. M., <strong>Sadier, A.<\/strong>, Sears K. and Santana, S. Bat jaw dimensions predict bite force and reflect dietary adaptations, <em>in review<\/em><em><\/em><\/p>\n\n\n\n<p>N\u00fa\u00f1ez Novas, M. S., Mateo Jim\u00e9nez, A. L., <strong>Sadier, A<\/strong>., Salazar, J., Zorrilla, J. M. Bat assemblage and trophic ecology on the island of Hispaniola, Journal of Mammalogy, <em>in review, Journal of Mam Evol<\/em><\/p>\n\n\n\n<p><strong>Sadier, A.<\/strong>, Rudolf A., Muratani M. Evolution in Space: Experimental pathways to understanding life\u2019s adaptability beyond Earth <em>Accepted<\/em> <em>(invited)<\/em> <em>Interface focus<\/em><\/p>\n\n\n\n<h3 class=\"wp-block-heading has-secondary-color has-text-color has-link-color wp-elements-406bfed76cf2bd6c68c218a89b908021\">Published<\/h3>\n\n\n\n<p><strong>27.&nbsp;<\/strong>Sharlene E Santana,&nbsp;<strong>Alexa Sadier<\/strong>, Marco A R Mello, (2024). The ecomorphological radiation of phyllostomid bats, Evolutionary Journal of the Linnean Society,&nbsp;<a href=\"https:\/\/doi.org\/10.1093\/evolinnean\/kzae032\">https:\/\/doi.org\/10.1093\/evolinnean\/kzae032<\/a><a href=\"https:\/\/academic.oup.com\/evolinnean\/advance-article-pdf\/doi\/10.1093\/evolinnean\/kzae032\/60455297\/kzae032.pdf\" target=\"_blank\" rel=\"noreferrer noopener\"><\/a><\/p>\n\n\n\n<p><strong>26.<\/strong>&nbsp;Grossnickle, D. M.,&nbsp;<strong>Sadier, A.<\/strong>, Patterson, E., Cort\u00e9s-Viruet, N. N., Jim\u00e9nez-Rivera, S. M., Sears, K. E., &amp; Santana, S. E. (2024). The hierarchical radiation of phyllostomid bats as revealed by adaptive molar morphology. Current Biology.&nbsp;<a href=\"https:\/\/doi.org\/10.1016\/j.cub.2024.02.027\">https:\/\/doi.org\/10.1016\/j.cub.2024.02.027<\/a><a href=\"https:\/\/doi.org\/10.1016\/j.cub.2024.02.027\" target=\"_blank\" rel=\"noreferrer noopener\"><\/a><\/p>\n\n\n\n<p><strong>25.<\/strong>&nbsp;Anthwal, N., Hall, R. P., de la Rosa Hernandez, F. A., Koger, M., Yohe, L. R., Hedrick, B. P., Davies, K. T. J., Mutumi, G. L., Roseman, C. C., Dumont, E. R., Davalos, L. M., Rossiter, S. J.,&nbsp;<strong>Sadier*, A. (co-last)<\/strong>, &amp; Sears*, K. E. (2023). Cochlea development shapes bat sensory system evolution. The Anatomical Record, 1\u201312.&nbsp;<a href=\"https:\/\/doi.org\/10.1002\/ar.25353\">https:\/\/doi.org\/10.1002\/ar.25353<\/a><a href=\"https:\/\/onlinelibrary.wiley.com\/doi\/pdfdirect\/10.1002\/ar.25353\" target=\"_blank\" rel=\"noreferrer noopener\"><\/a><\/p>\n\n\n\n<p><strong>24.&nbsp;Sadier, A.<\/strong>, Anthwal, N., Krause, A.L.&nbsp;<em>et al.<\/em>&nbsp;Bat teeth illuminate the diversification of mammalian tooth classes.&nbsp;<em>Nat Commun<\/em>14, 4687 (2023).&nbsp;<a href=\"https:\/\/doi.org\/10.1038\/s41467-023-40158-4\">https:\/\/doi.org\/10.1038\/s41467-023-40158-4&nbsp;<\/a><a href=\"https:\/\/www.nature.com\/articles\/s41467-023-40158-4.pdf\" target=\"_blank\" rel=\"noreferrer noopener\"><\/a><br><strong><em>Behind the&nbsp;paper&nbsp;&nbsp;<\/em><\/strong>blog post Nature Eco Evo:&nbsp;<a href=\"https:\/\/ecoevocommunity.nature.com\/posts\/bat-teeth-taking-flight-from-evo-devo-rules\">here<\/a>&nbsp;and the node:&nbsp;<a href=\"https:\/\/thenode.biologists.com\/behind-the-paper-what-bats-can-tell-us-about-the-evolution-of-mammalian-teeth\/research\/\">here<\/a><br><em><strong>Article featured as one of the 50 best papers<\/strong>&nbsp;&nbsp;<\/em>recently published in an area by&nbsp;<em>Nature communications<\/em>&nbsp;editors:&nbsp;<a href=\"https:\/\/www.nature.com\/collections\/jadchbbhdi\">https:\/\/www.nature.com\/collections\/jadchbbhdi<\/a><br><strong><em>UW press release and press&nbsp;&nbsp;<\/em><\/strong>blog post:&nbsp;<a href=\"https:\/\/www.washington.edu\/news\/2023\/10\/26\/bat-teeth\/\">here<\/a><br><em><strong>PNAS highlight about our work (2025)!<\/strong>: <\/em>Taking evo-devo to the next level <a href=\"https:\/\/www.pnas.org\/doi\/full\/10.1073\/pnas.2519801122\">https:\/\/www.pnas.org\/doi\/full\/10.1073\/pnas.2519801122<\/a> <\/p>\n\n\n\n<p><strong>23.&nbsp;<\/strong>Mutumi GL, Hall RP, Hedrick BP, Yohe LR,&nbsp;<strong>Sadier A<\/strong>, Davies KTJ, Rossiter SJ, Sears KE, D\u00e1valos LM, Dumont ER. 2023. Disentangling Mechanical and Sensory Modules in the Radiation of Noctilionoid Bats.&nbsp;<strong>The American Naturalist<\/strong>&nbsp;000\u2013000.&nbsp;<a href=\"https:\/\/www.journals.uchicago.edu\/doi\/full\/10.1086\/725368\">https:\/\/www.journals.uchicago.edu\/doi\/full\/10.1086\/725368<\/a><a href=\"https:\/\/www.journals.uchicago.edu\/doi\/pdf\/10.1086\/725368\" target=\"_blank\" rel=\"noreferrer noopener\"><\/a><\/p>\n\n\n\n<p><strong>22.<\/strong>&nbsp;Anthwal, N., Urban, D.J.,&nbsp;<strong>Sadier, A<\/strong>.&nbsp;<em>et al.<\/em>&nbsp;Insights into the formation and diversification of a novel chiropteran wing membrane from embryonic development.&nbsp;<em>BMC Biol<\/em>&nbsp;<strong>21<\/strong>, 101 (2023). https:\/\/doi.org\/10.1186\/s12915-023-01598-y<a href=\"https:\/\/bmcbiol.biomedcentral.com\/counter\/pdf\/10.1186\/s12915-023-01598-y\" target=\"_blank\" rel=\"noreferrer noopener\"><\/a><a href=\"https:\/\/bmcbiol.biomedcentral.com\/articles\/10.1186\/s12915-023-01598-y\">https:\/\/bmcbiol.biomedcentral.com\/articles\/10.1186\/s12915-023-01598-y<\/a><a href=\"https:\/\/bmcbiol.biomedcentral.com\/counter\/pdf\/10.1186\/s12915-023-01598-y\" target=\"_blank\" rel=\"noreferrer noopener\"><\/a><\/p>\n\n\n\n<p><strong>21.<\/strong>&nbsp;Yohe LR, Fabbri M, Lee D, Davies KTJ, Yohe TP, S\u00e1nchez MKR, Rengifo EM, Hall RP, Mutumi G, Hedrick BP,&nbsp;<strong>Sadier A<\/strong>, Simmons NB, Sears KE, Dumont E, Rossiter SJ, Bhullar B-AS, D\u00e1valos LM. n.d. Ecological constraints on highly evolvable olfactory receptor genes and morphology in neotropical bats. Evolution n\/a.&nbsp;<a href=\"https:\/\/doi.org\/10.1111\/evo.14591\">https:\/\/doi.org\/10.1111\/evo.14591<\/a><a href=\"https:\/\/academic.oup.com\/evolut\/article-pdf\/76\/10\/2347\/48682051\/evolut2347.pdf\" target=\"_blank\" rel=\"noreferrer noopener\"><\/a><\/p>\n\n\n\n<p><strong>20.<\/strong>&nbsp;Santana SE*, Grossnickle DM*,&nbsp;<strong>Sadier A (co-first)*<\/strong>, Patterson E, Sears KE. 2022. Bat Dentitions: A Model System for Studies at the Interface of Development, Biomechanics, and Evolution. Integrative and Comparative Biology 62:762\u201373.&nbsp;<a href=\"https:\/\/academic.oup.com\/icb\/article\/62\/3\/762\/6586353?login=false\">https:\/\/academic.oup.com\/icb\/article\/62\/3\/762\/6586353?login=false<\/a><\/p>\n\n\n\n<p><strong>19. Sadier A.<\/strong>, Sears, K. and Womack, M. Unravelling the heritage of lost traits,&nbsp;<strong>J Exp Part B.&nbsp;<\/strong>https:\/\/doi.org\/10.1002\/jez.b.23030<a href=\"https:\/\/apis.ebsco.com\/public\/linkout\/v1\/ftf?ref=c04f5444-e981-491f-86e6-af787469443f&amp;id=316034\" target=\"_blank\" rel=\"noreferrer noopener\"><\/a><\/p>\n\n\n\n<p><strong>18.<\/strong>&nbsp;Aidan O Howenstine,&nbsp;<strong>Alexa Sadier<\/strong>, Neal Anthwal, Clive LF Lau, Karen E Sears, Non-model systems in mammalian forelimb evo-devo, Current Opinion in Genetics &amp; Development,&nbsp;<a href=\"https:\/\/doi.org\/10.1016\/j.gde.2021.01.012\">https:\/\/doi.org\/10.1016\/j.gde.2021.01.012<\/a><a href=\"https:\/\/www.ncbi.nlm.nih.gov\/pmc\/articles\/8364859\" target=\"_blank\" rel=\"noreferrer noopener\"><\/a><\/p>\n\n\n\n<p><strong>17.<\/strong>&nbsp;Hall, R.P., Mutumi, G.L., Hedrick, B.P., Yohe, L.R.,&nbsp;<strong>Sadier, A.<\/strong>, Davies, K.T.J., Rossiter, S.J., Sears, K., D\u00e1valos, L.M. and Dumont, E.R. (2021), Find the food first: An omnivorous sensory morphotype predates biomechanical specialization for plant based diets in phyllostomid bats.&nbsp;<strong>Evolution&nbsp;<\/strong><a href=\"https:\/\/doi.org\/10.1111\/evo.14270\">https:\/\/doi.org\/10.1111\/evo.14270<\/a><a href=\"https:\/\/apis.ebsco.com\/public\/linkout\/v1\/ftf?ref=b662db65-fc7a-4362-b119-464802916097&amp;id=316092\" target=\"_blank\" rel=\"noreferrer noopener\"><\/a><\/p>\n\n\n\n<p><strong>16.<\/strong>&nbsp;Nojiri T, Wilson LAB, L\u00f3pez-Aguirre C, Tu VT, Kuratani S, Ito K, Higashiyama H, Son NT, Fukui D,&nbsp;<strong>Sadier A<\/strong>, Sears KE, Endo H, Kamihori S, Koyabu D. 2021. Embryonic evidence uncovers convergent origins of laryngeal echolocation in bats.&nbsp;<strong>Current Biology<\/strong>&nbsp;31:1353-1365.e3.&nbsp;<a href=\"https:\/\/doi.org\/10.1016\/j.cub.2020.12.043\">https:\/\/doi.org\/10.1016\/j.cub.2020.12.043<\/a><a href=\"http:\/\/www.cell.com\/article\/S0960982220318959\/pdf\" target=\"_blank\" rel=\"noreferrer noopener\"><\/a><\/p>\n\n\n\n<p><strong>15. Sadier A,<\/strong>&nbsp;Urban DJ, Anthwal N, Howenstine AO, Sinha I, Sears KE, Sadier A, Urban DJ, Anthwal N, Howenstine AO, Sinha I, Sears KE. 2020. Making a bat: The developmental basis of bat evolution.<strong>&nbsp;Genetics and Molecular Biology&nbsp;<\/strong><a href=\"http:\/\/dx.doi.org\/10.1590\/1678-4685-gmb-2019-0146\">http:\/\/dx.doi.org\/10.1590\/1678-4685-gmb-2019-0146<\/a><a href=\"http:\/\/www.scielo.br\/pdf\/gmb\/v43n1s2\/1415-4757-gmb-43-01-s2-e20190146.pdf\" target=\"_blank\" rel=\"noreferrer noopener\"><\/a><\/p>\n\n\n\n<p><strong>14. Sadier A.,&nbsp;<\/strong>Santana S., Sears K. The role of core and variable Gene Regulatory Network modules in tooth development and evolution (2020)&nbsp;<strong>Integrative and Comparative Biology<\/strong>, icaa116&nbsp;<a href=\"https:\/\/doi.org\/10.1093\/icb\/icaa116\">https:\/\/doi.org\/10.1093\/icb\/icaa116<\/a><a href=\"https:\/\/academic.oup.com\/icb\/advance-article-pdf\/doi\/10.1093\/icb\/icaa116\/33847974\/icaa116.pdf\" target=\"_blank\" rel=\"noreferrer noopener\"><\/a><\/p>\n\n\n\n<p><strong>13. Sadier, A.<\/strong>, Jackman, W.R., Laudet, V and Gibert, Y. Vertebrate tooth type: is it signaled by a single organizing tooth? (2020)&nbsp;<strong>BioEssays<\/strong>&nbsp;42 (6), 1900229&nbsp;<a href=\"https:\/\/doi.org\/10.1002\/bies.201900229\">https:\/\/doi.org\/10.1002\/bies.201900229<\/a><a href=\"https:\/\/apis.ebsco.com\/public\/linkout\/v1\/ftf?ref=69ae2936-5e7a-44c9-8425-1ab3cb06258a&amp;id=316090\" target=\"_blank\" rel=\"noreferrer noopener\"><\/a><\/p>\n\n\n\n<p><strong>12.<\/strong>&nbsp;C Darrin Hulsey, Karly E Cohen, Zerina Johanson, Nidal Karagic, Axel Meyer, Craig T Miller,<strong>&nbsp;Alexa Sadier,&nbsp;<\/strong>Adam P Summers, Gareth J Fraser (2020) Grand Challenges in Comparative Tooth Biology&nbsp;<strong>Integrative and Comparative Biology<\/strong>&nbsp;icaa038&nbsp;<a href=\"https:\/\/doi.org\/10.1093\/icb\/icaa038\">https:\/\/doi.org\/10.1093\/icb\/icaa038<\/a><a href=\"https:\/\/academic.oup.com\/icb\/article-pdf\/60\/3\/563\/35957326\/icaa038.pdf\" target=\"_blank\" rel=\"noreferrer noopener\"><\/a><\/p>\n\n\n\n<p><strong>11.<\/strong>&nbsp;Hedrick BP, Mutumi GL, Munteanu VD,&nbsp;<strong>Sadier A<\/strong>, Davies KTJ, Rossiter SJ, Sears KE, D\u00e1valos LM, Dumont E. 2020. Morphological Diversification under High Integration in a Hyper Diverse Mammal Clade. J Mammal Evol 27:563\u2013575&nbsp;<a href=\"https:\/\/doi.org\/10.1007\/s10914-019-09472-x\">https:\/\/doi.org\/10.1007\/s10914-019-09472-x<\/a><a href=\"https:\/\/link.springer.com\/content\/pdf\/10.1007\/s10914-019-09472-x.pdf\" target=\"_blank\" rel=\"noreferrer noopener\"><\/a><\/p>\n\n\n\n<p><strong>10.<\/strong>&nbsp;Vial, J., Royet, A., Cassier, P., Tortereau, A., Dinvaut, S., Maillet, D., Gratadou-Hupon, L., Creveaux, M.,&nbsp;<strong>Sadier, A.<\/strong>, Tondeur, G., et al. (2019). The Ectodysplasin receptor EDAR acts as a tumor suppressor in melanoma by conditionally inducing cell death.&nbsp;<strong>Cell Death Differ<\/strong>&nbsp;26, 443\u2013454.&nbsp;<a href=\"https:\/\/doi.org\/10.1038\/s41418-018-0128-1\">https:\/\/doi.org\/10.1038\/s41418-018-0128-1<\/a><a href=\"https:\/\/www.nature.com\/articles\/s41418-018-0128-1.pdf\" target=\"_blank\" rel=\"noreferrer noopener\"><\/a><\/p>\n\n\n\n<p><strong>9. Sadier, A.<\/strong>, Twarogowska, M., Steklikova, K., Hayden, L., Lambert, A., Schneider, P., Laudet, V., Hovorakova, M., Calvez, V., and Pantalacci, S. (2019). Modeling Edar expression reveals the hidden dynamics of tooth signaling center patterning.&nbsp;<strong>PLoS Biol<\/strong>&nbsp;17, e3000064&nbsp;<a href=\"https:\/\/doi.org\/10.1371\/journal.pbio.3000064\">https:\/\/doi.org\/10.1371\/journal.pbio.3000064<\/a><a href=\"https:\/\/journals.plos.org\/plosbiology\/article\/file?id=10.1371\/journal.pbio.3000064&amp;type=printable\" target=\"_blank\" rel=\"noreferrer noopener\"><\/a><\/p>\n\n\n\n<p><strong>8.<\/strong>&nbsp;Sears, K., Maier, J.A.,&nbsp;<strong>Sadier, A.<\/strong>, Sorensen, D., and Urban, D.J. (2018). Timing the developmental origins of mammalian limb diversity.&nbsp;<strong>Genesis<\/strong>&nbsp;56.&nbsp;<a href=\"https:\/\/doi.org\/10.1002\/dvg.23079\">https:\/\/doi.org\/10.1002\/dvg.23079<\/a><a href=\"https:\/\/apis.ebsco.com\/public\/linkout\/v1\/ftf?ref=81d06ba3-8983-4e52-8227-a4024b781a60&amp;id=316034\" target=\"_blank\" rel=\"noreferrer noopener\"><\/a><\/p>\n\n\n\n<p><strong>7. Sadier*, A<\/strong>., Davies*, K.T., Yohe, L.R., Yun, K., Donat, P., Hedrick, B.P., Dumont, E.R., Davalos, L.M., Rossiter, S.J., and Sears, K.E. (2018). Multifactorial processes underlie parallel opsin loss in neotropical bats.&nbsp;<strong>Elife<\/strong>&nbsp;7.&nbsp;<a href=\"https:\/\/elifesciences.org\/articles\/37412\">https:\/\/elifesciences.org\/articles\/37412<\/a><\/p>\n\n\n\n<p><strong>6.<\/strong>&nbsp;Hedrick, B.P., Yohe, L., Vander Linden, A., Davalos, L.M., Sears, K.,&nbsp;<strong>Sadier, A.<\/strong>, Rossiter, S.J., Davies, K.T.J., and Dumont, E. (2018). Assessing Soft-Tissue Shrinkage Estimates in Museum Specimens Imaged With Diffusible Iodine-Based Contrast-Enhanced Computed Tomography (diceCT).&nbsp;<strong>Microsc Microanal<\/strong>&nbsp;24, 284\u2013291.&nbsp;<a href=\"https:\/\/doi.org\/10.1017\/s1431927618000399\">https:\/\/doi.org\/10.1017\/s1431927618000399<\/a><a href=\"https:\/\/apis.ebsco.com\/public\/linkout\/v1\/ftf?ref=38908105-5736-4842-bf7c-9f9b68795411&amp;id=316034\" target=\"_blank\" rel=\"noreferrer noopener\"><\/a><\/p>\n\n\n\n<p><strong>5.<\/strong>&nbsp;Urban, D.J., Anthwal, N., Luo, Z.-X., Maier, J.A.,&nbsp;<strong>Sadier, A.<\/strong>, Tucker, A.S., and Sears, K.E. (2017). A new developmental mechanism for the separation of the mammalian middle ear ossicles from the jaw.&nbsp;<strong>Proc Biol Sci<\/strong>&nbsp;284.&nbsp;<a href=\"https:\/\/doi.org\/10.1098\/rspb.2016.2416\">https:\/\/doi.org\/10.1098\/rspb.2016.2416<\/a><a href=\"https:\/\/royalsocietypublishing.org\/doi\/pdf\/10.1098\/rspb.2016.2416\" target=\"_blank\" rel=\"noreferrer noopener\"><\/a><\/p>\n\n\n\n<p><strong>4.<\/strong>&nbsp;Gibert, Y., Samarut, E., Pasco-Viel, E., Bernard, L., Borday-Birraux, V.,&nbsp;<strong>Sadier, A.<\/strong>, Labbe, C., Viriot, L., and Laudet, V. (2015). Altered retinoic acid signalling underpins dentition evolution.&nbsp;<strong>Proc Biol Sci<\/strong>&nbsp;282.&nbsp;<a href=\"https:\/\/royalsocietypublishing.org\/doi\/10.1098\/rspb.2014.2764\">https:\/\/royalsocietypublishing.org\/doi\/10.1098\/rspb.2014.2764<\/a><a href=\"https:\/\/royalsocietypublishing.org\/doi\/pdf\/10.1098\/rspb.2014.2764\" target=\"_blank\" rel=\"noreferrer noopener\"><\/a><\/p>\n\n\n\n<p><strong>3. Sadier, A.<\/strong>, Lambert, E., Chevret, P., Decimo, D., Semon, M., Tohme, M., Ruggiero, F., Ohlmann, T., Pantalacci, S., and Laudet, V. (2015). Tinkering signaling pathways by gain and loss of protein isoforms: the case of the EDA pathway regulator EDARADD.&nbsp;<strong>BMC Evol Biol<\/strong>&nbsp;15, 129.&nbsp;<a href=\"https:\/\/doi.org\/10.1186\/s12862-015-0395-0\">https:\/\/doi.org\/10.1186\/s12862-015-0395-0<\/a><a href=\"https:\/\/bmcecolevol.biomedcentral.com\/counter\/pdf\/10.1186\/s12862-015-0395-0\" target=\"_blank\" rel=\"noreferrer noopener\"><\/a><\/p>\n\n\n\n<p><strong>2. Sadier, A.<\/strong>, Viriot, L., Pantalacci, S., and Laudet, V. (2014). The ectodysplasin pathway: from diseases to adaptations.&nbsp;<strong>Trends Genet<\/strong>&nbsp;30, 24\u201331.&nbsp;<a href=\"https:\/\/doi.org\/10.1016\/j.tig.2013.08.006\">https:\/\/doi.org\/10.1016\/j.tig.2013.08.006<\/a><a href=\"https:\/\/api.istex.fr\/ark:\/67375\/6H6-C36G17DN-H\/fulltext.pdf?sid=clickandread\" target=\"_blank\" rel=\"noreferrer noopener\"><\/a><\/p>\n\n\n\n<p><strong>1.<\/strong>&nbsp;Pantalacci, S., Chaumot, A., Benoit, G.,&nbsp;<strong>Sadier, A.<\/strong>, Delsuc, F., Douzery, E.J.P., and Laudet, V. (2008). Conserved features and evolutionary shifts of the EDA signaling pathway involved in vertebrate skin appendage development.&nbsp;<strong>Mol Biol Evol<\/strong>&nbsp;25, 912\u2013928.&nbsp;<a href=\"https:\/\/doi.org\/10.1093\/molbev\/msn038\">https:\/\/doi.org\/10.1093\/molbev\/msn038<\/a><a href=\"https:\/\/academic.oup.com\/mbe\/article-pdf\/25\/5\/912\/13639377\/msn038.pdf\" target=\"_blank\" rel=\"noreferrer noopener\"><\/a><\/p>\n\n\n\n<h3 class=\"wp-block-heading has-secondary-color has-text-color has-link-color wp-elements-f41dd6a18149cbf8baf063ecc38f42b4\"><strong>Book chapters<\/strong><\/h3>\n\n\n\n<p><strong>Sadier, A., Soukup V.&nbsp;<\/strong>Initiation and periodic patterning of vertebrate dentitions In chapter in \u201cOdontodes: The Developmental and Evolutionary Building Blocks of Dentitions\u201d,&nbsp;<em>in press<\/em><\/p>\n\n\n\n<p><strong>Sadier, A.<\/strong>&nbsp;(2019). How Do Gene Networks Promote Morphological Evolution. In Old Questions and Young Approaches to Animal Evolution, J.M. Mart\u00edn-Dur\u00e1n, and B.C. Vellutini, eds. (Cham: Springer International Publishing), pp. 209\u2013234.<\/p>\n\n\n\n<p><strong>Sadier, A.A.<\/strong>&nbsp;(2016). Regulatory and Coding Changes in Developmental Evolution, Roles of. In Encyclopedia of Evolutionary Biology, R.M. Kliman, ed. (Oxford: Academic Press), pp. 433\u2013440.<\/p>\n\n\n\n<h1 class=\"wp-block-heading has-text-color has-link-color wp-elements-db21ffe42954ad73ec485b534efbd91b\" style=\"color:#f2d1b3\">SELECTED AWARDS AND GRANTS<\/h1>\n\n\n\n<p><strong>2023&nbsp;&nbsp;&nbsp; ERC Consolidator&nbsp;<\/strong>&#8211; 2.65 M\u20ac<strong><\/strong><\/p>\n\n\n\n<p><strong>2023&nbsp;&nbsp;&nbsp; Tremplin ERC&nbsp;<\/strong>&#8211; 100k\u20ac<\/p>\n\n\n\n<p><strong>2023&nbsp;&nbsp;&nbsp; Bat Biology Foundation \u2013 Fieldwork expedition&nbsp;<\/strong>&#8211; 3k$<\/p>\n\n\n\n<p><strong>2021&nbsp;&nbsp;&nbsp;<\/strong>&nbsp;&nbsp;<strong>UCLA Chancellor\u2019s award for postdoctoral research 20\/21<\/strong>&nbsp;<br>The Chancellor\u2019s Award for Postdoctoral Research recognizes the 10 most important contributions (among the ~1400 postdocs from all disciplines) that postdoctoral scholars make to UCLA\u2019s research mission \u2013 7.5k$ &nbsp;<a href=\"https:\/\/www.postdoc.ucla.edu\/chancellors-award-for-postdoctoral-research\/\">https:\/\/www.postdoc.ucla.edu\/chancellors-award-for-postdoctoral-research\/<\/a><\/p>\n\n\n\n<p><strong>2020<\/strong>&nbsp;&nbsp;&nbsp;&nbsp;&nbsp;<strong>NSF IOS grant<\/strong>&nbsp;&#8211; Leader investigator of the project &#8211; Collaborators: PIs Karen Sears (UCLA), Sharlene Santana (UW) and Paul Fran\u00e7ois (Mc Gill)<br>Starting July 2020 \u2013 600 k$<\/p>\n\n\n\n<p><strong>2020<\/strong>&nbsp;&nbsp;&nbsp;&nbsp; iBiology Young Scientists Seminar Award \u2013 winner<\/p>\n\n\n\n<p><\/p>\n\n\n\n<h1 class=\"wp-block-heading has-text-color has-link-color wp-elements-dcc52dbb210c976cd34de4b81647808e\" style=\"color:#f2d1b3\">ACADEMIC ACTIVITIES AND SERVICE<\/h1>\n\n\n\n<p><strong>2025:<\/strong> NASA STAR Program participant &#8211; STAR 6 <a href=\"https:\/\/science.nasa.gov\/biological-physical\/resources\/star\/\" data-type=\"link\" data-id=\"https:\/\/science.nasa.gov\/biological-physical\/resources\/star\/\">https:\/\/science.nasa.gov\/biological-physical\/resources\/star\/<\/a><\/p>\n\n\n\n<p><strong>Since 2024:<\/strong>&nbsp;Editorial Board Member, The Biological Journal of Linnean Society<\/p>\n\n\n\n<p><strong>Since 2021:<\/strong>&nbsp;Editorial Board Member, BMC Eco Evo&nbsp;<a href=\"https:\/\/bmcecolevol.biomedcentral.com\/\">https:\/\/bmcecolevol.biomedcentral.com\/<\/a><\/p>\n\n\n\n<p><strong>2021 &nbsp;&nbsp;&nbsp;&nbsp;&nbsp;&nbsp;&nbsp;&nbsp;&nbsp;&nbsp;European Space Agency (ESA) Astronaut selection \u2013 <\/strong>Test phase 1 (1371\/~23000 applicants) <a href=\"https:\/\/www.esa.int\/About_Us\/Careers_at_ESA\/ESA_Astronaut_Selection\">https:\/\/www.esa.int\/About_Us\/Careers_at_ESA\/ESA_Astronaut_Selection<\/a><\/p>\n\n\n\n<p><strong>Since 2019:<\/strong>&nbsp;The Company of Biologists Prelighter, part of the @preLights community &#8211; See my prelights here:&nbsp;<a href=\"https:\/\/prelights.biologists.com\/profiles\/aigverte\/\">https:\/\/prelights.biologists.com\/profiles\/aigverte\/<\/a><\/p>\n\n\n\n<p><strong>Society member:<\/strong>&nbsp;EuroEvoDevo, PanAmEvoDevo, NASBR societies, SDB, BCI (Bat Conservation International), Bat1k genome project, SigmaX, NASA GeneLab<\/p>\n\n\n\n<p><\/p>\n","protected":false},"excerpt":{"rendered":"<p>PUBLICATIONS AND CV Contact Alexa SadierCNRS faculty\/Charg\u00e9e de recherche CNRSInstitut des Sciences de l&#8217;EvolutionUNIVERSIT\u00c9 DE MONTPELLIERBureau 65 &#8211; RDC &#8211; Place Eug\u00e8ne Bataillon34095 Montpellier Cedex 5 email:&nbsp;alexa.sadier at umontpellier.fr CV See here my google scholar page Social media BlueSky: @aigverte.bsky.social Instagram: @explorabats Linkedin: Alexa Sadier PUBLICATIONS *: equal contributions Preprint\/in prep Herrera M., Moison B., &hellip; <\/p>\n<p class=\"link-more\"><a href=\"https:\/\/alexasadier.com\/index.php\/pubs\/\" class=\"more-link\">Read more<span class=\"screen-reader-text\"> &#8220;PUBS&#8221;<\/span><\/a><\/p>\n","protected":false},"author":1,"featured_media":0,"parent":0,"menu_order":0,"comment_status":"closed","ping_status":"closed","template":"page-templates\/no-title.php","meta":{"footnotes":""},"class_list":["post-56","page","type-page","status-publish","hentry"],"featured_media_urls":[],"_links":{"self":[{"href":"https:\/\/alexasadier.com\/index.php\/wp-json\/wp\/v2\/pages\/56","targetHints":{"allow":["GET"]}}],"collection":[{"href":"https:\/\/alexasadier.com\/index.php\/wp-json\/wp\/v2\/pages"}],"about":[{"href":"https:\/\/alexasadier.com\/index.php\/wp-json\/wp\/v2\/types\/page"}],"author":[{"embeddable":true,"href":"https:\/\/alexasadier.com\/index.php\/wp-json\/wp\/v2\/users\/1"}],"replies":[{"embeddable":true,"href":"https:\/\/alexasadier.com\/index.php\/wp-json\/wp\/v2\/comments?post=56"}],"version-history":[{"count":19,"href":"https:\/\/alexasadier.com\/index.php\/wp-json\/wp\/v2\/pages\/56\/revisions"}],"predecessor-version":[{"id":412,"href":"https:\/\/alexasadier.com\/index.php\/wp-json\/wp\/v2\/pages\/56\/revisions\/412"}],"wp:attachment":[{"href":"https:\/\/alexasadier.com\/index.php\/wp-json\/wp\/v2\/media?parent=56"}],"curies":[{"name":"wp","href":"https:\/\/api.w.org\/{rel}","templated":true}]}}